{"id":19,"date":"2020-11-19T04:07:41","date_gmt":"2020-11-19T04:07:41","guid":{"rendered":"http:\/\/amberstone.com.vn\/client\/special\/?page_id=19"},"modified":"2023-10-16T08:57:17","modified_gmt":"2023-10-16T01:57:17","slug":"book-an-appointment","status":"publish","type":"page","link":"https:\/\/specialems.edu.vn\/en\/book-an-appointment\/","title":{"rendered":"Book an appointment"},"content":{"rendered":"<div id=\"pl-19\"  class=\"panel-layout\" ><div id=\"pg-19-0\"  class=\"panel-grid panel-has-style\" ><div class=\"siteorigin-panels-stretch panel-row-style panel-row-style-for-19-0\" data-stretch-type=\"full-stretched\" ><div id=\"pgc-19-0-0\"  class=\"panel-grid-cell\" ><div id=\"panel-19-0-0-0\" class=\"so-panel widget widget_sow-image panel-first-child panel-last-child\" data-index=\"0\" ><div\n\t\t\t\n\t\t\tclass=\"so-widget-sow-image so-widget-sow-image-default-8b5b6f678277-19\"\n\t\t\t\n\t\t>\n\n<div class=\"sow-image-container\">\n\t\t<img decoding=\"async\" src=\"https:\/\/specialems.edu.vn\/wp-content\/uploads\/2020\/12\/banner_book-scaled.jpg\" width=\"1920\" height=\"596\" srcset=\"https:\/\/specialems.edu.vn\/wp-content\/uploads\/2020\/12\/banner_book-scaled.jpg 1920w, https:\/\/specialems.edu.vn\/wp-content\/uploads\/2020\/12\/banner_book-300x93.jpg 300w, https:\/\/specialems.edu.vn\/wp-content\/uploads\/2020\/12\/banner_book-1024x317.jpg 1024w, https:\/\/specialems.edu.vn\/wp-content\/uploads\/2020\/12\/banner_book-768x238.jpg 768w, https:\/\/specialems.edu.vn\/wp-content\/uploads\/2020\/12\/banner_book-1536x476.jpg 1536w, https:\/\/specialems.edu.vn\/wp-content\/uploads\/2020\/12\/banner_book-2048x635.jpg 2048w\" sizes=\"(max-width: 1920px) 100vw, 1920px\" title=\"SE_WEBSITE LAYOUT 2020_Book Appointment\" alt=\"\" \t\tclass=\"so-widget-image\"\/>\n\t<\/div>\n\n<\/div><\/div><\/div><\/div><\/div><div id=\"pg-19-1\"  class=\"panel-grid panel-has-style\" ><div class=\"booklich center siteorigin-panels-stretch panel-row-style panel-row-style-for-19-1\" data-stretch-type=\"full\" ><div id=\"pgc-19-1-0\"  class=\"panel-grid-cell\" ><div id=\"panel-19-1-0-0\" class=\"so-panel widget widget_sow-editor panel-first-child\" data-index=\"1\" ><div class=\"center heading bg-sky-blue sky-color big panel-widget-style panel-widget-style-for-19-1-0-0\" ><div\n\t\t\t\n\t\t\tclass=\"so-widget-sow-editor so-widget-sow-editor-base\"\n\t\t\t\n\t\t><h3 class=\"widget-title\">BOOK AN APPOINTMENT<\/h3>\n<div class=\"siteorigin-widget-tinymce textwidget\">\n\t<\/div>\n<\/div><\/div><\/div><div id=\"panel-19-1-0-1\" class=\"so-panel widget widget_siteorigin-panels-builder panel-last-child\" data-index=\"2\" ><div id=\"pl-w5ff7c883d66d9\"  class=\"panel-layout\" ><div id=\"pg-w5ff7c883d66d9-0\"  class=\"panel-grid panel-has-style\" ><div class=\"siteorigin-panels-stretch panel-row-style panel-row-style-for-w5ff7c883d66d9-0\" data-stretch-type=\"full\" ><div id=\"pgc-w5ff7c883d66d9-0-0\"  class=\"panel-grid-cell\" ><div id=\"panel-w5ff7c883d66d9-0-0-0\" class=\"so-panel widget widget_sow-editor panel-first-child panel-last-child\" data-index=\"0\" ><div class=\"blue panel-widget-style panel-widget-style-for-w5ff7c883d66d9-0-0-0\" ><div\n\t\t\t\n\t\t\tclass=\"so-widget-sow-editor so-widget-sow-editor-base\"\n\t\t\t\n\t\t>\n<div class=\"siteorigin-widget-tinymce textwidget\">\n\t<p><strong data-toggle=\"modal\" data-target=\"#book-1\">Complete<br \/>\nthe Information Form<\/strong><\/p>\n<\/div>\n<\/div><\/div><\/div><\/div><div id=\"pgc-w5ff7c883d66d9-0-1\"  class=\"panel-grid-cell\" ><div id=\"panel-w5ff7c883d66d9-0-1-0\" class=\"so-panel widget widget_sow-editor panel-first-child panel-last-child\" data-index=\"1\" ><div class=\"Orange panel-widget-style panel-widget-style-for-w5ff7c883d66d9-0-1-0\" ><div\n\t\t\t\n\t\t\tclass=\"so-widget-sow-editor so-widget-sow-editor-base\"\n\t\t\t\n\t\t>\n<div class=\"siteorigin-widget-tinymce textwidget\">\n\t<p><strong data-toggle=\"modal\" data-target=\"#book-2\">Interview<\/strong><\/p>\n<\/div>\n<\/div><\/div><\/div><\/div><div id=\"pgc-w5ff7c883d66d9-0-2\"  class=\"panel-grid-cell\" ><div id=\"panel-w5ff7c883d66d9-0-2-0\" class=\"so-panel widget widget_sow-editor panel-first-child panel-last-child\" data-index=\"2\" ><div class=\"green panel-widget-style panel-widget-style-for-w5ff7c883d66d9-0-2-0\" ><div\n\t\t\t\n\t\t\tclass=\"so-widget-sow-editor so-widget-sow-editor-base\"\n\t\t\t\n\t\t>\n<div class=\"siteorigin-widget-tinymce textwidget\">\n\t<p><strong data-toggle=\"modal\" data-target=\"#book-3\">Review of application<br \/>\n&amp; creation of an I.E.P<\/strong><\/p>\n<\/div>\n<\/div><\/div><\/div><\/div><\/div><\/div><div id=\"pg-w5ff7c883d66d9-1\"  class=\"panel-grid panel-no-style\" ><div id=\"pgc-w5ff7c883d66d9-1-0\"  class=\"panel-grid-cell\" ><div id=\"panel-w5ff7c883d66d9-1-0-0\" class=\"so-panel widget widget_sow-editor panel-first-child\" data-index=\"3\" ><div class=\"text_nonepadd panel-widget-style panel-widget-style-for-w5ff7c883d66d9-1-0-0\" ><div\n\t\t\t\n\t\t\tclass=\"so-widget-sow-editor so-widget-sow-editor-base\"\n\t\t\t\n\t\t>\n<div class=\"siteorigin-widget-tinymce textwidget\">\n\t<p>To register for admission, please fill out\u202fthe Information Form below or\u202fDownload\u202fthe form and then send it to the Admissions Office via email\u202finfo@specialems.edu.vn<\/p>\n<\/div>\n<\/div><\/div><\/div><div id=\"panel-w5ff7c883d66d9-1-0-1\" class=\"so-panel widget widget_box-modal panel-last-child\" data-index=\"4\" ><div\n\t\t\t\n\t\t\tclass=\"so-widget-box-modal so-widget-box-modal-default-d75171398898\"\n\t\t\t\n\t\t>            <!-- Modal -->\n        <div class=\"modal fade opacity\" id=\"book-1\" tabindex=\"-1\" role=\"dialog\" aria-labelledby=\"exampleModalCenterTitle\" aria-hidden=\"true\">\n            <div class=\"modal-dialog modal-dialog-centered modal-desc\" role=\"document\">\n                <div class=\"modal-content\">\n                    <div class=\"modal-header\">\n                        <button type=\"button\" class=\"close\" data-dismiss=\"modal\" aria-label=\"Close\">\n                            <span aria-hidden=\"true\">&times;<\/span>\n                        <\/button>\n                    <\/div>\n                    <div class=\"modal-body\">\n                        <p>To apply, please take a moment to complete our online Information Form or you can download it and email it to our Admissions.<\/p>\n<p>Office: <a href=\"mailto:info@specialems.edu.vn\">info@specialems.edu.vn<\/a><\/p>\n                    <\/div>\n                <\/div>\n            <\/div>\n        <\/div>\n            <!-- Modal -->\n        <div class=\"modal fade opacity\" id=\"book-2\" tabindex=\"-1\" role=\"dialog\" aria-labelledby=\"exampleModalCenterTitle\" aria-hidden=\"true\">\n            <div class=\"modal-dialog modal-dialog-centered modal-desc\" role=\"document\">\n                <div class=\"modal-content\">\n                    <div class=\"modal-header\">\n                        <button type=\"button\" class=\"close\" data-dismiss=\"modal\" aria-label=\"Close\">\n                            <span aria-hidden=\"true\">&times;<\/span>\n                        <\/button>\n                    <\/div>\n                    <div class=\"modal-body\">\n                        <p>You will be scheduled for an interview with our special rights expert and educator.<\/p>\n<p>Your child will join activities at our education center with our expert during the interview.<\/p>\n                    <\/div>\n                <\/div>\n            <\/div>\n        <\/div>\n            <!-- Modal -->\n        <div class=\"modal fade opacity\" id=\"book-3\" tabindex=\"-1\" role=\"dialog\" aria-labelledby=\"exampleModalCenterTitle\" aria-hidden=\"true\">\n            <div class=\"modal-dialog modal-dialog-centered modal-desc\" role=\"document\">\n                <div class=\"modal-content\">\n                    <div class=\"modal-header\">\n                        <button type=\"button\" class=\"close\" data-dismiss=\"modal\" aria-label=\"Close\">\n                            <span aria-hidden=\"true\">&times;<\/span>\n                        <\/button>\n                    <\/div>\n                    <div class=\"modal-body\">\n                        <p>All applications will be evaluated by our special rights expert and educator.<\/p>\n<p>Announcement of admission results will follow.<\/p>\n                    <\/div>\n                <\/div>\n            <\/div>\n        <\/div>\n    <\/div><\/div><\/div><\/div><\/div><\/div><\/div><\/div><\/div><div id=\"pg-19-2\"  class=\"panel-grid panel-has-style\" ><div class=\"form_dangky siteorigin-panels-stretch panel-row-style panel-row-style-for-19-2\" data-stretch-type=\"full\" ><div id=\"pgc-19-2-0\"  class=\"panel-grid-cell\" ><div id=\"panel-19-2-0-0\" class=\"so-panel widget widget_sow-editor panel-first-child\" data-index=\"3\" ><div class=\"panel-widget-style panel-widget-style-for-19-2-0-0\" ><div\n\t\t\t\n\t\t\tclass=\"so-widget-sow-editor so-widget-sow-editor-base\"\n\t\t\t\n\t\t>\n<div class=\"siteorigin-widget-tinymce textwidget\">\n\t<p><iframe style=\"width: 100%; border: none;\" title=\"Embedded Wufoo Form\" src=\"https:\/\/globalembassy.wufoo.com\/embed\/x1jyyi6x0wefekr\/\" height=\"1000\" frameborder=\"0\" scrolling=\"no\"> <a href=\"https:\/\/globalembassy.wufoo.com\/forms\/x1jyyi6x0wefekr\/\" target=\"_blank\" rel=\"noopener\">Fill out my Wufoo form!<\/a> <\/iframe><\/p>\n<\/div>\n<\/div><\/div><\/div><div id=\"panel-19-2-0-1\" class=\"so-panel widget widget_sow-editor panel-last-child\" data-index=\"4\" ><div\n\t\t\t\n\t\t\tclass=\"so-widget-sow-editor so-widget-sow-editor-base\"\n\t\t\t\n\t\t><h3 class=\"widget-title\">STUDENT REGISTRATION FORM<\/h3>\n<div class=\"siteorigin-widget-tinymce textwidget\">\n\t\n<div class=\"wpcf7 no-js\" id=\"wpcf7-f2535-o1\" lang=\"vi-VN\" dir=\"ltr\">\n<div class=\"screen-reader-response\"><p role=\"status\" aria-live=\"polite\" aria-atomic=\"true\"><\/p> <ul><\/ul><\/div>\n<form action=\"\/en\/wp-json\/wp\/v2\/pages\/19#wpcf7-f2535-o1\" method=\"post\" class=\"wpcf7-form init cf7mls-no-scroll cf7mls-auto-return-first-step cf7mls-no-moving-animation\" aria-label=\"Contact form\" novalidate=\"novalidate\" data-status=\"init\">\n<div style=\"display: none;\">\n<input type=\"hidden\" name=\"_wpcf7\" value=\"2535\" \/>\n<input type=\"hidden\" name=\"_wpcf7_version\" value=\"5.9.6\" \/>\n<input type=\"hidden\" name=\"_wpcf7_locale\" value=\"vi_VN\" \/>\n<input type=\"hidden\" name=\"_wpcf7_unit_tag\" value=\"wpcf7-f2535-o1\" \/>\n<input type=\"hidden\" name=\"_wpcf7_container_post\" value=\"0\" \/>\n<input type=\"hidden\" name=\"_wpcf7_posted_data_hash\" value=\"\" \/>\n<\/div>\n<div class=\"fieldset-cf7mls-wrapper\" data-transition-effects><fieldset class=\"fieldset-cf7mls cf7mls_current_fs\"><h4>1. CHILD\u2019S INFORMATION:\n<\/h4>\n<p><label>Full name <span class=\"wpcf7-form-control-wrap\" data-name=\"your-name\"><input size=\"40\" maxlength=\"80\" class=\"wpcf7-form-control wpcf7-text wpcf7-validates-as-required\" aria-required=\"true\" aria-invalid=\"false\" value=\"\" type=\"text\" name=\"your-name\" \/><\/span><span id=\"your-name\" class=\"wpcf7-form-control-wrap your-name-wrap\" style=\"display:none !important; visibility:hidden !important;\"><label for=\"your-name\" class=\"hp-message\">Please leave this field empty.<\/label><input id=\"your-name\"  placeholder=\"your name\"  class=\"wpcf7-form-control wpcf7-text your-name\" type=\"text\" name=\"your-name\" value=\"\" size=\"40\" tabindex=\"-1\" autocomplete=\"new-password\" \/><\/span><\/label><label>Preferred name<br \/>\n<span class=\"wpcf7-form-control-wrap\" data-name=\"your-preferred\"><input size=\"40\" maxlength=\"80\" class=\"wpcf7-form-control wpcf7-text wpcf7-validates-as-required\" aria-required=\"true\" aria-invalid=\"false\" value=\"\" type=\"text\" name=\"your-preferred\" \/><\/span> <\/label><label>DOB<br \/>\n<span class=\"wpcf7-form-control-wrap\" data-name=\"date-956\"><input class=\"wpcf7-form-control wpcf7-date wpcf7-validates-as-required wpcf7-validates-as-date\" aria-required=\"true\" aria-invalid=\"false\" value=\"\" type=\"date\" name=\"date-956\" \/><\/span> <\/label><label> Gender<br \/>\n<span class=\"wpcf7-form-control-wrap\" data-name=\"radio-834\"><span class=\"wpcf7-form-control wpcf7-radio\"><span class=\"wpcf7-list-item first\"><label><input type=\"radio\" name=\"radio-834\" value=\"Male\" checked=\"checked\" \/><span class=\"wpcf7-list-item-label\">Male<\/span><\/label><\/span><span class=\"wpcf7-list-item\"><label><input type=\"radio\" name=\"radio-834\" value=\"Female\" \/><span class=\"wpcf7-list-item-label\">Female<\/span><\/label><\/span><span class=\"wpcf7-list-item last\"><label><input type=\"radio\" name=\"radio-834\" value=\"Other\" \/><span class=\"wpcf7-list-item-label\">Other<\/span><\/label><\/span><\/span><\/span><\/label><br \/>\n<label>Nationality <span class=\"wpcf7-form-control-wrap\" data-name=\"text-335\"><input size=\"40\" maxlength=\"80\" class=\"wpcf7-form-control wpcf7-text wpcf7-validates-as-required\" aria-required=\"true\" aria-invalid=\"false\" value=\"\" type=\"text\" name=\"text-335\" \/><\/span> <\/label><label>Languages can speak or understand (in order of importance) <span class=\"wpcf7-form-control-wrap\" data-name=\"text-335\"><input size=\"40\" maxlength=\"80\" class=\"wpcf7-form-control wpcf7-text wpcf7-validates-as-required\" aria-required=\"true\" aria-invalid=\"false\" value=\"\" type=\"text\" name=\"text-335\" \/><\/span> <\/label><label> Home address<br \/>\n<span class=\"wpcf7-form-control-wrap\" data-name=\"text-651\"><input size=\"40\" maxlength=\"80\" class=\"wpcf7-form-control wpcf7-text\" aria-invalid=\"false\" value=\"\" type=\"text\" name=\"text-651\" \/><\/span> <\/label><label> Is the child living with parents? If not, why?<br \/>\n<span class=\"wpcf7-form-control-wrap\" data-name=\"text-792\"><input size=\"40\" maxlength=\"80\" class=\"wpcf7-form-control wpcf7-text\" aria-invalid=\"false\" value=\"\" type=\"text\" name=\"text-792\" \/><\/span><\/label><div class=\"cf7mls-btns\"><button type=\"button\" class=\"cf7mls_next cf7mls_btn action-button\" name=\"cf7mls_next\" id=\"cf7mls-next-btn-cf7mls_step-1\">Next<img decoding=\"async\" src=\"https:\/\/specialems.edu.vn\/wp-content\/plugins\/cf7-multi-step\/assets\/frontend\/img\/loader.svg\" alt=\"\" data-lazy-src=\"https:\/\/specialems.edu.vn\/wp-content\/plugins\/cf7-multi-step\/assets\/frontend\/img\/loader.svg\" style=\"display: none;\" \/><\/button><\/div><p><\/p><\/fieldset><fieldset class=\"fieldset-cf7mls\">\n<\/p>\n<h4>2.GUARDIAN\u2019S INFORMATION:\n<\/h4>\n<p><label>H\u1ecd v\u00e0 T\u00ean<br \/>\n<span class=\"wpcf7-form-control-wrap\" data-name=\"your-name1\"><input size=\"40\" maxlength=\"80\" class=\"wpcf7-form-control wpcf7-text wpcf7-validates-as-required\" aria-required=\"true\" aria-invalid=\"false\" value=\"\" type=\"text\" name=\"your-name1\" \/><\/span> <\/label><br \/>\n<label>Relationship to the child<br \/>\n<span class=\"wpcf7-form-control-wrap\" data-name=\"radio-834\"><span class=\"wpcf7-form-control wpcf7-radio\"><span class=\"wpcf7-list-item first\"><label><input type=\"radio\" name=\"radio-834\" value=\"Cha\" checked=\"checked\" \/><span class=\"wpcf7-list-item-label\">Cha<\/span><\/label><\/span><span class=\"wpcf7-list-item\"><label><input type=\"radio\" name=\"radio-834\" value=\"M\u1eb9\" \/><span class=\"wpcf7-list-item-label\">M\u1eb9<\/span><\/label><\/span><span class=\"wpcf7-list-item last\"><label><input type=\"radio\" name=\"radio-834\" value=\"Kh\u00e1c\" \/><span class=\"wpcf7-list-item-label\">Kh\u00e1c<\/span><\/label><\/span><\/span><\/span><\/label><br \/>\n<label>DOB <span class=\"wpcf7-form-control-wrap\" data-name=\"date-368\"><input class=\"wpcf7-form-control wpcf7-date wpcf7-validates-as-date\" aria-invalid=\"false\" value=\"Ng\u00e0y th\u00e1ng n\u0103m sinh\" type=\"date\" name=\"date-368\" \/><\/span><\/label><br \/>\n<label>Nationality<br \/>\n<span class=\"wpcf7-form-control-wrap\" data-name=\"text-792\"><input size=\"40\" maxlength=\"80\" class=\"wpcf7-form-control wpcf7-text\" aria-invalid=\"false\" value=\"\" type=\"text\" name=\"text-792\" \/><\/span> <\/label><br \/>\n<label>College major<br \/>\n<span class=\"wpcf7-form-control-wrap\" data-name=\"text-792\"><input size=\"40\" maxlength=\"80\" class=\"wpcf7-form-control wpcf7-text\" aria-invalid=\"false\" value=\"\" type=\"text\" name=\"text-792\" \/><\/span><\/label><br \/>\n<label>Occupation<br \/>\n<span class=\"wpcf7-form-control-wrap\" data-name=\"text-792\"><input size=\"40\" maxlength=\"80\" class=\"wpcf7-form-control wpcf7-text\" aria-invalid=\"false\" value=\"\" type=\"text\" name=\"text-792\" \/><\/span><\/label><br \/>\n<label>Spoken languages<br \/>\n<span class=\"wpcf7-form-control-wrap\" data-name=\"text-792\"><input size=\"40\" maxlength=\"80\" class=\"wpcf7-form-control wpcf7-text\" aria-invalid=\"false\" value=\"\" type=\"text\" name=\"text-792\" \/><\/span><\/label><br \/>\n<label>Home address<br \/>\n<span class=\"wpcf7-form-control-wrap\" data-name=\"text-792\"><input size=\"40\" maxlength=\"80\" class=\"wpcf7-form-control wpcf7-text\" aria-invalid=\"false\" value=\"\" type=\"text\" name=\"text-792\" \/><\/span><\/label><br \/>\n<label>Email<br \/>\n<span class=\"wpcf7-form-control-wrap\" data-name=\"email-718\"><input size=\"40\" maxlength=\"80\" class=\"wpcf7-form-control wpcf7-email wpcf7-text wpcf7-validates-as-email\" aria-invalid=\"false\" value=\"\" type=\"email\" name=\"email-718\" \/><\/span><\/label><br \/>\n<label>Mobile<br \/>\n<span class=\"wpcf7-form-control-wrap\" data-name=\"tel-613\"><input size=\"40\" maxlength=\"80\" class=\"wpcf7-form-control wpcf7-tel wpcf7-text wpcf7-validates-as-tel\" aria-invalid=\"false\" value=\"\" type=\"tel\" name=\"tel-613\" \/><\/span><\/label><br \/>\n<label>The number of children in your family<br \/>\n<span class=\"wpcf7-form-control-wrap\" data-name=\"number-363\"><input class=\"wpcf7-form-control wpcf7-number wpcf7-validates-as-number\" aria-invalid=\"false\" value=\"\" type=\"number\" name=\"number-363\" \/><\/span><\/label><br \/>\n<label>The child\u2019s birth order<br \/>\n<span class=\"wpcf7-form-control-wrap\" data-name=\"text-792\"><input size=\"40\" maxlength=\"80\" class=\"wpcf7-form-control wpcf7-text\" aria-invalid=\"false\" value=\"\" type=\"text\" name=\"text-792\" \/><\/span><\/label><br \/>\n<div class=\"cf7mls-btns\"><button type=\"button\" class=\"cf7mls_back action-button\" name=\"cf7mls_back\" id=\"cf7mls-back-btn-cf7mls_step-2\">Back<\/button><button type=\"button\" class=\"cf7mls_next cf7mls_btn action-button\" name=\"cf7mls_next\" id=\"cf7mls-next-btn-cf7mls_step-2\">Next<img decoding=\"async\" src=\"https:\/\/specialems.edu.vn\/wp-content\/plugins\/cf7-multi-step\/assets\/frontend\/img\/loader.svg\" alt=\"\" data-lazy-src=\"https:\/\/specialems.edu.vn\/wp-content\/plugins\/cf7-multi-step\/assets\/frontend\/img\/loader.svg\" style=\"display: none;\" \/><\/button><\/div><p><\/p><\/fieldset><fieldset class=\"fieldset-cf7mls\">\n<\/p>\n<h4>3. REASON OF THE CONTACT :\n<\/h4>\n<p><label>What do you expect from the initial consulting?<br \/>\n<span class=\"wpcf7-form-control-wrap\" data-name=\"text-792\"><input size=\"40\" maxlength=\"80\" class=\"wpcf7-form-control wpcf7-text\" aria-invalid=\"false\" value=\"\" type=\"text\" name=\"text-792\" \/><\/span><\/label><br \/>\n<label> Which are your concerns about your child?<br \/>\n<span class=\"wpcf7-form-control-wrap\" data-name=\"text-792\"><input size=\"40\" maxlength=\"80\" class=\"wpcf7-form-control wpcf7-text\" aria-invalid=\"false\" value=\"\" type=\"text\" name=\"text-792\" \/><\/span><\/label><br \/>\n<label> Does your child have a diagnosis yet?<br \/>\n<span class=\"wpcf7-form-control-wrap\" data-name=\"text-792\"><input size=\"40\" maxlength=\"80\" class=\"wpcf7-form-control wpcf7-text\" aria-invalid=\"false\" value=\"\" type=\"text\" name=\"text-792\" \/><\/span><\/label><br \/>\n<label> Which school\/center is he\/she attending?<br \/>\n<span class=\"wpcf7-form-control-wrap\" data-name=\"text-792\"><input size=\"40\" maxlength=\"80\" class=\"wpcf7-form-control wpcf7-text\" aria-invalid=\"false\" value=\"\" type=\"text\" name=\"text-792\" \/><\/span><\/label><br \/>\nPLEASE ATTACH OR BRING TO THE INITIAL CONSULTATION ANY MEDICAL\/EDUCATIONAL DOCUMENTS RELATED TO YOUR CHILD<br \/>\n<input class=\"wpcf7-form-control wpcf7-submit has-spinner\" type=\"submit\" value=\"Submit\" \/><br \/>\n<button type=\"button\" class=\"cf7mls_back action-button\" name=\"cf7mls_back\" id=\"cf7mls-back-btn-cf7mls_step-3\">Back<\/button><button type=\"button\" style=\"display: none;\" class=\"cf7mls_next cf7mls_btn action-button\" name=\"cf7mls_next\" id=\"cf7mls-next-btn-cf7mls_step-3\"><img decoding=\"async\" src=\"https:\/\/specialems.edu.vn\/wp-content\/plugins\/cf7-multi-step\/assets\/frontend\/img\/loader.svg\" alt=\"\" data-lazy-src=\"https:\/\/specialems.edu.vn\/wp-content\/plugins\/cf7-multi-step\/assets\/frontend\/img\/loader.svg\" style=\"display: none;\" \/><\/button>\n<\/p><\/fieldset><\/div><p style=\"display: none !important;\"><label>&#916;<textarea name=\"_wpcf7_ak_hp_textarea\" cols=\"45\" rows=\"8\" maxlength=\"100\"><\/textarea><\/label><input type=\"hidden\" id=\"ak_js\" name=\"_wpcf7_ak_js\" value=\"240\"\/><script>document.getElementById( \"ak_js\" ).setAttribute( \"value\", ( new Date() ).getTime() );<\/script><\/p><div class=\"wpcf7-response-output\" aria-hidden=\"true\"><\/div>\n<\/form>\n<\/div>\n\n<\/div>\n<\/div><\/div><\/div><\/div><\/div><\/div>","protected":false},"excerpt":{"rendered":"<p>BOOK AN APPOINTMENT Complete the Information Form Interview Review of application &amp; creation of an I.E.P To register for admission, please fill out\u202fthe Information Form below or\u202fDownload\u202fthe form and then send it to the Admissions Office via email\u202finfo@specialems.edu.vn &times; To apply, please take a moment to complete our online Information Form or you can download [&#8230;]<\/p>\n<p><a class=\"btn btn-secondary understrap-read-more-link\" href=\"https:\/\/specialems.edu.vn\/en\/book-an-appointment\/\">Read More&#8230;<\/a><\/p \n\n","protected":false},"author":1,"featured_media":0,"parent":0,"menu_order":0,"comment_status":"closed","ping_status":"closed","template":"","meta":{"_acf_changed":false,"footnotes":""},"acf":[],"_links":{"self":[{"href":"https:\/\/specialems.edu.vn\/en\/wp-json\/wp\/v2\/pages\/19"}],"collection":[{"href":"https:\/\/specialems.edu.vn\/en\/wp-json\/wp\/v2\/pages"}],"about":[{"href":"https:\/\/specialems.edu.vn\/en\/wp-json\/wp\/v2\/types\/page"}],"author":[{"embeddable":true,"href":"https:\/\/specialems.edu.vn\/en\/wp-json\/wp\/v2\/users\/1"}],"replies":[{"embeddable":true,"href":"https:\/\/specialems.edu.vn\/en\/wp-json\/wp\/v2\/comments?post=19"}],"version-history":[{"count":4,"href":"https:\/\/specialems.edu.vn\/en\/wp-json\/wp\/v2\/pages\/19\/revisions"}],"predecessor-version":[{"id":2539,"href":"https:\/\/specialems.edu.vn\/en\/wp-json\/wp\/v2\/pages\/19\/revisions\/2539"}],"wp:attachment":[{"href":"https:\/\/specialems.edu.vn\/en\/wp-json\/wp\/v2\/media?parent=19"}],"curies":[{"name":"wp","href":"https:\/\/api.w.org\/{rel}","templated":true}]}}