{"id":9,"date":"2020-11-19T03:39:43","date_gmt":"2020-11-19T03:39:43","guid":{"rendered":"http:\/\/amberstone.com.vn\/client\/special\/?page_id=9"},"modified":"2023-10-13T10:40:18","modified_gmt":"2023-10-13T03:40:18","slug":"home","status":"publish","type":"page","link":"https:\/\/specialems.edu.vn\/en\/","title":{"rendered":"Home"},"content":{"rendered":"<div id=\"pl-9\"  class=\"panel-layout\" ><div id=\"pg-9-0\"  class=\"panel-grid panel-has-style\" ><div class=\"siteorigin-panels-stretch panel-row-style panel-row-style-for-9-0\" data-stretch-type=\"full-stretched\" ><div id=\"pgc-9-0-0\"  class=\"panel-grid-cell\" ><div id=\"panel-9-0-0-0\" class=\"so-panel widget widget_sliders-buider panel-first-child panel-last-child\" data-index=\"0\" ><div\n\t\t\t\n\t\t\tclass=\"so-widget-sliders-buider so-widget-sliders-buider-default-d75171398898-9\"\n\t\t\t\n\t\t><div class=\"sliders-buider\">\n            <div class=\"sliderssliders-buider-910000\">\n                            <div class=\"slider-item\" style=\"background-image: url(https:\/\/specialems.edu.vn\/wp-content\/uploads\/2020\/12\/home-scaled-1.png);\">\n                    <div class=\"detail container\">\n                        <div class=\"row align-items-center\">\n                            <div class=\"left col-md home-session1\">\n                                <h3 style=\"text-align: center;\">At Special Em\u2019s Education Center, we are not erasing differences, we strive to improve the lives of our children in special ways<\/h3>\n                            <\/div>\n                            <div class=\"right col-md\">\n                                <img decoding=\"async\" src=\"https:\/\/specialems.edu.vn\/wp-content\/uploads\/2020\/12\/home1.png\" alt=\"Slider 1\">\n                            <\/div>\n                        <\/div>\n                    <\/div>\n                <\/div>\n                            <div class=\"slider-item\" style=\"background-image: url(https:\/\/specialems.edu.vn\/wp-content\/uploads\/2020\/12\/SE_WEBSITE-LAYOUT-2020_Banner-2-BG.png);\">\n                    <div class=\"detail container\">\n                        <div class=\"row align-items-center\">\n                            <div class=\"left col-md home-session1\">\n                                <h3 style=\"text-align: center;\"><i class=\"quotes-left\"><\/i>There needs to be a lot of emphasis on what children can do instead of what they cannot do<\/h3>\n                            <\/div>\n                            <div class=\"right col-md\">\n                                <img decoding=\"async\" src=\"https:\/\/specialems.edu.vn\/wp-content\/uploads\/2020\/12\/SE_WEBSITE-LAYOUT-2020_IMG-Banner-2-min.png\" alt=\"Slider 2\">\n                            <\/div>\n                        <\/div>\n                    <\/div>\n                <\/div>\n                            <div class=\"slider-item\" style=\"background-image: url(https:\/\/specialems.edu.vn\/wp-content\/uploads\/2020\/12\/SE_WEBSITE-LAYOUT-2020_Banner-3-BG.png);\">\n                    <div class=\"detail container\">\n                        <div class=\"row align-items-center\">\n                            <div class=\"left col-md home-session1\">\n                                <h3 style=\"text-align: center;\">We work with parents and highly qualified and credentialed special rights experts to enhance the potential of each child through effective learning strategies<\/h3>\n                            <\/div>\n                            <div class=\"right col-md\">\n                                <img decoding=\"async\" src=\"https:\/\/specialems.edu.vn\/wp-content\/uploads\/2020\/12\/SE_WEBSITE-LAYOUT-2020_IMG-Banner-3-min.png\" alt=\"Slider 3\">\n                            <\/div>\n                        <\/div>\n                    <\/div>\n                <\/div>\n                \n        <\/div>\n        \n    <script>\n        setTimeout(function(){\n            jQuery('.sliderssliders-buider-910000').slick(\n                {\n                    infinite: true,\n                    speed: 1000,\n                    slidesToShow: 1,\n                    arrows: true,\n                    autoplay: true,\n                    autoplaySpeed: 3000,\n                }\n            );\n        }, 1000);\n        \n    <\/script>\n<\/div><\/div><\/div><\/div><\/div><\/div><div id=\"pg-9-1\"  class=\"panel-grid panel-has-style\" ><div class=\"about-wraper panel-row-style panel-row-style-for-9-1\" ><div id=\"pgc-9-1-0\"  class=\"panel-grid-cell\" ><div id=\"panel-9-1-0-0\" class=\"so-panel widget widget_siteorigin-panels-builder panel-first-child panel-last-child\" data-index=\"1\" ><div id=\"pl-w64363001c88b6\"  class=\"panel-layout\" ><div id=\"pg-w64363001c88b6-0\"  class=\"panel-grid panel-no-style\" ><div id=\"pgc-w64363001c88b6-0-0\"  class=\"panel-grid-cell\" ><div id=\"panel-w64363001c88b6-0-0-0\" class=\"so-panel widget widget_sow-image panel-first-child panel-last-child\" data-index=\"0\" ><div\n\t\t\t\n\t\t\tclass=\"so-widget-sow-image so-widget-sow-image-default-8b5b6f678277\"\n\t\t\t\n\t\t>\n\n<div class=\"sow-image-container\">\n\t\t\t<a href=\"https:\/\/youtu.be\/9yBuXc0vTu8\" target=\"_blank\" rel=\"noopener noreferrer\">\n\t\t\t<img decoding=\"async\" src=\"https:\/\/specialems.edu.vn\/wp-content\/uploads\/2021\/11\/DSC09670.jpg\" width=\"1687\" height=\"1125\" srcset=\"https:\/\/specialems.edu.vn\/wp-content\/uploads\/2021\/11\/DSC09670.jpg 1687w, https:\/\/specialems.edu.vn\/wp-content\/uploads\/2021\/11\/DSC09670-300x200.jpg 300w, https:\/\/specialems.edu.vn\/wp-content\/uploads\/2021\/11\/DSC09670-1024x683.jpg 1024w, https:\/\/specialems.edu.vn\/wp-content\/uploads\/2021\/11\/DSC09670-768x512.jpg 768w, https:\/\/specialems.edu.vn\/wp-content\/uploads\/2021\/11\/DSC09670-1536x1024.jpg 1536w, https:\/\/specialems.edu.vn\/wp-content\/uploads\/2021\/11\/DSC09670-272x182.jpg 272w\" sizes=\"(max-width: 1687px) 100vw, 1687px\" alt=\"\" \t\tclass=\"so-widget-image\"\/>\n\t<\/a><\/div>\n\n<\/div><\/div><\/div><div id=\"pgc-w64363001c88b6-0-1\"  class=\"panel-grid-cell\" ><div id=\"panel-w64363001c88b6-0-1-0\" class=\"so-panel widget widget_sow-editor panel-first-child\" data-index=\"1\" ><div class=\"center heading bg-orange gray-color panel-widget-style panel-widget-style-for-w64363001c88b6-0-1-0\" ><div\n\t\t\t\n\t\t\tclass=\"so-widget-sow-editor so-widget-sow-editor-base\"\n\t\t\t\n\t\t><h3 class=\"widget-title\">ABOUT US<\/h3>\n<div class=\"siteorigin-widget-tinymce textwidget\">\n\t<\/div>\n<\/div><\/div><\/div><div id=\"panel-w64363001c88b6-0-1-1\" class=\"so-panel widget widget_text\" data-index=\"2\" >\t\t\t<div class=\"textwidget\"><p>Special Em\u2019s Education Center (SEEC) provides carefully planned programs for special rights children including Early Intervention Program, Preschool Program, Life skills and Enrichment Program.<\/p>\n<\/div>\n\t\t<\/div><div id=\"panel-w64363001c88b6-0-1-2\" class=\"so-panel widget widget_sow-button panel-last-child\" data-index=\"3\" ><div\n\t\t\t\n\t\t\tclass=\"so-widget-sow-button so-widget-sow-button-atom-e7f4908a9459\"\n\t\t\t\n\t\t><div class=\"ow-button-base ow-button-align-center\">\n\t<a href=\"https:\/\/specialems.edu.vn\/en\/about-us\/\" class=\"bg-orange08 ow-icon-placement-left ow-button-hover\">\n\t\t<span>\n\t\t\t\n\t\t\tRead more\t\t<\/span>\n\t<\/a>\n<\/div>\n<\/div><\/div><\/div><\/div><\/div><\/div><\/div><\/div><\/div><div id=\"pg-9-2\"  class=\"panel-grid panel-no-style\" ><div id=\"pgc-9-2-0\"  class=\"panel-grid-cell\" ><div id=\"panel-9-2-0-0\" class=\"so-panel widget widget_media_image panel-first-child panel-last-child\" data-index=\"2\" ><img decoding=\"async\" width=\"280\" height=\"237\" src=\"https:\/\/specialems.edu.vn\/wp-content\/uploads\/2023\/10\/CAC-badge.png\" class=\"image wp-image-2505  attachment-full size-full\" alt=\"\" style=\"max-width: 100%; height: auto;\" \/><\/div><\/div><div id=\"pgc-9-2-1\"  class=\"panel-grid-cell\" ><div id=\"panel-9-2-1-0\" class=\"so-panel widget widget_sow-editor panel-first-child panel-last-child\" data-index=\"3\" ><div\n\t\t\t\n\t\t\tclass=\"so-widget-sow-editor so-widget-sow-editor-base\"\n\t\t\t\n\t\t>\n<div class=\"siteorigin-widget-tinymce textwidget\">\n\t<p><strong>Special Em\u2019s Education Center (SEEC) becomes Vietnam\u2019s first Certified Autism Center\u2122. The credential, granted by the International Board of Credentialing and Continuing Education Standards (IBCCES), validates center\u2019s commitment to providing better support and enhancing learning outcomes for autistic students.<\/strong><\/p>\n<\/div>\n<\/div><\/div><\/div><\/div><div id=\"pg-9-3\"  class=\"panel-grid panel-no-style\" ><div id=\"pgc-9-3-0\"  class=\"panel-grid-cell\" ><div id=\"panel-9-3-0-0\" class=\"so-panel widget widget_sow-editor panel-first-child panel-last-child\" data-index=\"4\" ><div class=\"center heading bg-green gray-color big panel-widget-style panel-widget-style-for-9-3-0-0\" ><div\n\t\t\t\n\t\t\tclass=\"so-widget-sow-editor so-widget-sow-editor-base\"\n\t\t\t\n\t\t><h3 class=\"widget-title\">SERVICES<\/h3>\n<div class=\"siteorigin-widget-tinymce textwidget\">\n\t<\/div>\n<\/div><\/div><\/div><\/div><\/div><div id=\"pg-9-4\"  class=\"panel-grid panel-has-style\" ><div class=\"service-content panel-row-style panel-row-style-for-9-4\" ><div id=\"pgc-9-4-0\"  class=\"panel-grid-cell\" ><div id=\"panel-9-4-0-0\" class=\"so-panel widget widget_media_image panel-first-child\" data-index=\"5\" ><img decoding=\"async\" width=\"774\" height=\"491\" src=\"https:\/\/specialems.edu.vn\/wp-content\/uploads\/2020\/12\/SE_WEBSITE-LAYOUT-2020_Thumbnail-2-1.png\" class=\"image wp-image-1201  attachment-full size-full\" alt=\"\" style=\"max-width: 100%; height: auto;\" srcset=\"https:\/\/specialems.edu.vn\/wp-content\/uploads\/2020\/12\/SE_WEBSITE-LAYOUT-2020_Thumbnail-2-1.png 774w, https:\/\/specialems.edu.vn\/wp-content\/uploads\/2020\/12\/SE_WEBSITE-LAYOUT-2020_Thumbnail-2-1-300x190.png 300w, https:\/\/specialems.edu.vn\/wp-content\/uploads\/2020\/12\/SE_WEBSITE-LAYOUT-2020_Thumbnail-2-1-768x487.png 768w\" sizes=\"(max-width: 774px) 100vw, 774px\" \/><\/div><div id=\"panel-9-4-0-1\" class=\"so-panel widget widget_sow-editor\" data-index=\"6\" ><div\n\t\t\t\n\t\t\tclass=\"so-widget-sow-editor so-widget-sow-editor-base\"\n\t\t\t\n\t\t>\n<div class=\"siteorigin-widget-tinymce textwidget\">\n\t<h3 style=\"text-align: center;\"><strong>Early Intervention <\/strong><\/h3>\n<p style=\"text-align: center;\">The Early Intervention Program at Special Em\u2019s Education Center is designed for children up to 6 years of age with special needs to stimulate and maximize development in their growth\u00a0as well as facilitate and prepare...<\/p>\n<\/div>\n<\/div><\/div><div id=\"panel-9-4-0-2\" class=\"so-panel widget widget_sow-button panel-last-child\" data-index=\"7\" ><div\n\t\t\t\n\t\t\tclass=\"so-widget-sow-button so-widget-sow-button-atom-e7f4908a9459-9\"\n\t\t\t\n\t\t><div class=\"ow-button-base ow-button-align-center\">\n\t<a href=\"https:\/\/specialems.edu.vn\/en\/early-intervention\/\" class=\"bg-green08 ow-icon-placement-left ow-button-hover\">\n\t\t<span>\n\t\t\t\n\t\t\tRead more\t\t<\/span>\n\t<\/a>\n<\/div>\n<\/div><\/div><\/div><div id=\"pgc-9-4-1\"  class=\"panel-grid-cell\" ><div id=\"panel-9-4-1-0\" class=\"so-panel widget widget_media_image panel-first-child\" data-index=\"8\" ><img decoding=\"async\" width=\"774\" height=\"491\" src=\"https:\/\/specialems.edu.vn\/wp-content\/uploads\/2020\/12\/SE_WEBSITE-LAYOUT-2020_Thumbnail-1-1.png\" class=\"image wp-image-1198  attachment-full size-full\" alt=\"\" style=\"max-width: 100%; height: auto;\" srcset=\"https:\/\/specialems.edu.vn\/wp-content\/uploads\/2020\/12\/SE_WEBSITE-LAYOUT-2020_Thumbnail-1-1.png 774w, https:\/\/specialems.edu.vn\/wp-content\/uploads\/2020\/12\/SE_WEBSITE-LAYOUT-2020_Thumbnail-1-1-300x190.png 300w, https:\/\/specialems.edu.vn\/wp-content\/uploads\/2020\/12\/SE_WEBSITE-LAYOUT-2020_Thumbnail-1-1-768x487.png 768w\" sizes=\"(max-width: 774px) 100vw, 774px\" \/><\/div><div id=\"panel-9-4-1-1\" class=\"so-panel widget widget_sow-editor\" data-index=\"9\" ><div\n\t\t\t\n\t\t\tclass=\"so-widget-sow-editor so-widget-sow-editor-base\"\n\t\t\t\n\t\t>\n<div class=\"siteorigin-widget-tinymce textwidget\">\n\t<h3 style=\"text-align: center;\"><strong>Extracurricular program<\/strong><\/h3>\n<p style=\"text-align: center;\">Extracurricular activities at Special Em\u2019s Education Center are held every weekend (Saturday and Sunday) on the playground where special rights children can combine play with the development of...<\/p>\n<\/div>\n<\/div><\/div><div id=\"panel-9-4-1-2\" class=\"so-panel widget widget_sow-button panel-last-child\" data-index=\"10\" ><div\n\t\t\t\n\t\t\tclass=\"so-widget-sow-button so-widget-sow-button-atom-e7f4908a9459-9\"\n\t\t\t\n\t\t><div class=\"ow-button-base ow-button-align-center\">\n\t<a href=\"https:\/\/specialems.edu.vn\/en\/extracurricular-program\/\" class=\"bg-green08 ow-icon-placement-left ow-button-hover\">\n\t\t<span>\n\t\t\t\n\t\t\tRead more\t\t<\/span>\n\t<\/a>\n<\/div>\n<\/div><\/div><\/div><\/div><\/div><div id=\"pg-9-5\"  class=\"panel-grid panel-has-style\" ><div class=\"booklich center siteorigin-panels-stretch panel-row-style panel-row-style-for-9-5\" data-stretch-type=\"full\" ><div id=\"pgc-9-5-0\"  class=\"panel-grid-cell\" ><div id=\"panel-9-5-0-0\" class=\"so-panel widget widget_sow-editor panel-first-child\" data-index=\"11\" ><div class=\"center heading bg-sky-blue sky-color big panel-widget-style panel-widget-style-for-9-5-0-0\" ><div\n\t\t\t\n\t\t\tclass=\"so-widget-sow-editor so-widget-sow-editor-base\"\n\t\t\t\n\t\t><h3 class=\"widget-title\"><a href=\"https:\/\/specialems.edu.vn\/en\/dat-lich-hen\/\">BOOK AN APPOINTMENT<\/a><\/h3>\n<div class=\"siteorigin-widget-tinymce textwidget\">\n\t<\/div>\n<\/div><\/div><\/div><div id=\"panel-9-5-0-1\" class=\"so-panel widget widget_siteorigin-panels-builder panel-last-child\" data-index=\"12\" ><div id=\"pl-w5febdb80a44ac\"  class=\"panel-layout\" ><div id=\"pg-w5febdb80a44ac-0\"  class=\"panel-grid panel-has-style\" ><div class=\"siteorigin-panels-stretch panel-row-style panel-row-style-for-w5febdb80a44ac-0\" data-stretch-type=\"full\" ><div id=\"pgc-w5febdb80a44ac-0-0\"  class=\"panel-grid-cell\" ><div id=\"panel-w5febdb80a44ac-0-0-0\" class=\"so-panel widget widget_sow-editor panel-first-child panel-last-child\" data-index=\"0\" ><div class=\"blue panel-widget-style panel-widget-style-for-w5febdb80a44ac-0-0-0\" ><div\n\t\t\t\n\t\t\tclass=\"so-widget-sow-editor so-widget-sow-editor-base\"\n\t\t\t\n\t\t>\n<div class=\"siteorigin-widget-tinymce textwidget\">\n\t<p><strong>Complete<br \/>\nthe Information Form<\/strong><\/p>\n<\/div>\n<\/div><\/div><\/div><\/div><div id=\"pgc-w5febdb80a44ac-0-1\"  class=\"panel-grid-cell\" ><div id=\"panel-w5febdb80a44ac-0-1-0\" class=\"so-panel widget widget_sow-editor panel-first-child panel-last-child\" data-index=\"1\" ><div class=\"Orange panel-widget-style panel-widget-style-for-w5febdb80a44ac-0-1-0\" ><div\n\t\t\t\n\t\t\tclass=\"so-widget-sow-editor so-widget-sow-editor-base\"\n\t\t\t\n\t\t>\n<div class=\"siteorigin-widget-tinymce textwidget\">\n\t<p><strong>Interview<\/strong><\/p>\n<\/div>\n<\/div><\/div><\/div><\/div><div id=\"pgc-w5febdb80a44ac-0-2\"  class=\"panel-grid-cell\" ><div id=\"panel-w5febdb80a44ac-0-2-0\" class=\"so-panel widget widget_sow-editor panel-first-child panel-last-child\" data-index=\"2\" ><div class=\"green panel-widget-style panel-widget-style-for-w5febdb80a44ac-0-2-0\" ><div\n\t\t\t\n\t\t\tclass=\"so-widget-sow-editor so-widget-sow-editor-base\"\n\t\t\t\n\t\t>\n<div class=\"siteorigin-widget-tinymce textwidget\">\n\t<p><strong>Review of application<br \/>\n&amp; creation of an I.E.P<\/strong><\/p>\n<\/div>\n<\/div><\/div><\/div><\/div><\/div><\/div><\/div><\/div><\/div><\/div><\/div><div id=\"pg-9-6\"  class=\"panel-grid panel-no-style\" ><div id=\"pgc-9-6-0\"  class=\"panel-grid-cell\" ><div\n\t\t\t\n\t\t\tclass=\"so-widget-list-posts so-widget-list-posts-default-d75171398898-9\"\n\t\t\t\n\t\t><div class=\"list-posts\">\n    <div class=\"heading\"><h3 class=\"bg-blue widget-title\">Events<\/h3><\/div>        <div class=\"posts-thumb posts-thumb-12\" bg-default=\"https:\/\/specialems.edu.vn\/wp-content\/uploads\/2026\/04\/VNTH-VN-GAC-Social-Post-900x900px.jpg\" style=\"background-image: url(https:\/\/specialems.edu.vn\/wp-content\/uploads\/2026\/04\/VNTH-VN-GAC-Social-Post-900x900px.jpg);\"><\/div>\n        <div class=\"list-posts-content list-post-12 list-post-wrapper clearfix\">\n                                            <div class=\"post-item\">\n                    <div class=\"date\">\n                                                    <div class=\"day\">07<\/div>\n                            <div class=\"month-year\"><span class=\"month\">April<\/span><span class=\"year\">Tuesday<\/span><\/div>\n                                            <\/div>\n                    <div class=\"thumb\">\n                        <img decoding=\"async\" alt=\"\" src=\"https:\/\/specialems.edu.vn\/wp-content\/uploads\/2026\/04\/VNTH-VN-GAC-Social-Post-900x900px.jpg\" \/>\n                    <\/div>\n                    <div class=\"detail\">\n                        <div class=\"event\">\n                            <a href=\"\/en\/news-event\/news-event-expired\">Expired<\/a>                        <\/div>    \n                        <h3><a href=\"https:\/\/specialems.edu.vn\/en\/3000\/\"><\/a><\/h3>\n                        <div class=\"desc\">\n                            At a time when AI is reshaping the world in profound ways, education too is being called to respond to&hellip;                        <\/div>\n                    <\/div>\n\n                <\/div>\n\n                                                <div class=\"post-item\">\n                    <div class=\"date\">\n                                                    <div class=\"day\">25<\/div>\n                            <div class=\"month-year\"><span class=\"month\">March<\/span><span class=\"year\">Wednesday<\/span><\/div>\n                                            <\/div>\n                    <div class=\"thumb\">\n                        <img decoding=\"async\" alt=\"SEEC Online Seminar #02 &#8211; When children scream, tantrum, or lose control: Understand emotions without shutting them down\" src=\"https:\/\/specialems.edu.vn\/wp-content\/uploads\/2026\/03\/SEEC_OnlineSeminar-Series\u200b_Adapt_Web-Featured-1.jpg\" \/>\n                    <\/div>\n                    <div class=\"detail\">\n                        <div class=\"event\">\n                            <a href=\"\/en\/news-event\/news-event-expired\">Expired<\/a>                        <\/div>    \n                        <h3><a href=\"https:\/\/specialems.edu.vn\/en\/seec-online-seminar-02-when-children-scream-tantrum-or-lose-control-understand-emotions-without-shutting-them-down\/\">SEEC Online Seminar #02 &#8211; When children scream, tantrum, or lose control: Understand emotions without shutting them down<\/a><\/h3>\n                        <div class=\"desc\">\n                            Detailed information: \ud83d\udc49 Free registration: Link \u23f0 19:30 \u2013 21:30 | Sunday, April 19, 2026 \ud83d\udccd Format: Tr\u1ef1c tuy\u1ebfn qua&hellip;                        <\/div>\n                    <\/div>\n\n                <\/div>\n\n                                                <div class=\"post-item\">\n                    <div class=\"date\">\n                                                    <div class=\"day\">22<\/div>\n                            <div class=\"month-year\"><span class=\"month\">December<\/span><span class=\"year\">Monday<\/span><\/div>\n                                            <\/div>\n                    <div class=\"thumb\">\n                        <img decoding=\"async\" alt=\"T\u1ed5ng h\u1ee3p chu\u1ed7i 5 k\u1ef3 #SEECExpertTalks: Hi\u1ec3u \u0110\u00fang. \u0110\u1ed3ng H\u00e0nh \u0110\u00fang c\u00f9ng SEEC\" src=\"https:\/\/specialems.edu.vn\/wp-content\/uploads\/2025\/11\/SEEC_EXPERT-TALKS_Adapt_Website-Featured-Image.jpg\" \/>\n                    <\/div>\n                    <div class=\"detail\">\n                        <div class=\"event\">\n                            <a href=\"\/en\/news-event\/news-event-expired\">Expired<\/a>                        <\/div>    \n                        <h3><a href=\"https:\/\/specialems.edu.vn\/en\/tong-hop-chuoi-5-ky-seecexperttalks-hieu-dung-dong-hanh-dung-cung-seec\/\">T\u1ed5ng h\u1ee3p chu\u1ed7i 5 k\u1ef3 #SEECExpertTalks: Hi\u1ec3u \u0110\u00fang. \u0110\u1ed3ng H\u00e0nh \u0110\u00fang c\u00f9ng SEEC<\/a><\/h3>\n                        <div class=\"desc\">\n                            &nbsp; \u0110\u1ed3ng h\u00e0nh c\u00f9ng tr\u1ebb c\u00f3 quy\u1ec1n \u0111\u1eb7c bi\u1ec7t ch\u01b0a bao gi\u1edd l\u00e0 h\u00e0nh tr\u00ecnh d\u1ec5 d\u00e0ng. \u0110\u00f3 l\u00e0 h\u00e0nh&hellip;                        <\/div>\n                    <\/div>\n\n                <\/div>\n\n                        <\/div>\n        <script>\n        jQuery('.list-post-12 .post-item').on('mouseover',function(){\n            var bg_item = jQuery(this).find('.thumb img').attr('src');\n            jQuery('.posts-thumb-12').css('background-image','url(' + bg_item + ')');\n            \n        });\n        jQuery('.list-post-12').on('mouseleave',function(){\n            var bg_default = jQuery('.posts-thumb-12').attr('bg-default');\n            jQuery('.posts-thumb-12').css('background-image','url(' + bg_default + ')');\n        });\n    <\/script>\n<\/div><\/div><\/div><\/div><div id=\"pg-9-7\"  class=\"panel-grid panel-has-style\" ><div class=\"d-none siteorigin-panels-stretch panel-row-style panel-row-style-for-9-7\" data-stretch-type=\"full\" ><div id=\"pgc-9-7-0\"  class=\"panel-grid-cell\" ><div\n\t\t\t\n\t\t\tclass=\"so-widget-list-post-slider so-widget-list-post-slider-default-d75171398898-2940\"\n\t\t\t\n\t\t><div class=\"listpost-widget gray-color\">\n    <div class=\"heading widget-title\">Inspiring story<\/div>\n        <div class=\"list-post-slider list-post-slider-24 list-post-wrapper list-post-1 clearfix\">\n                            <div class=\"list-post-item\">\n                    <div class=\"detail\">\n                        <h3>Special Em\u2019s Education Group (SEEG) has officially signed an agreement with the Singapore University of Social Sciences (SUSS)<\/h3>\n                        <div class=\"desc\">\n                            Special Em\u2019s Education Group (SEEG) has officially signed an agreement with the Singapore University of Social Sciences (SUSS) to co-deliver&hellip;                        <\/div>\n                        <div class=\"position\">\n                                                    <\/div>\n                    <\/div>\n                    <div class=\"thumb\">\n                        <img decoding=\"async\" alt=\"Special Em\u2019s Education Group (SEEG) has officially signed an agreement with the Singapore University of Social Sciences (SUSS)\" src=\"https:\/\/specialems.edu.vn\/wp-content\/uploads\/2024\/03\/1024x662-01.jpg\" \/>\n                    <\/div>\n                <\/div>\n\n                        <\/div>\n        <script>\n        jQuery('.list-post-slider-24').slick(\n            {\n                infinite: true,\n                speed: 300,\n                slidesToShow: 1,\n                arrows: true,\n            }\n        );\n    <\/script>\n<\/div><\/div><\/div><\/div><\/div><\/div>","protected":false},"excerpt":{"rendered":"<p>ABOUT US Special Em\u2019s Education Center (SEEC) provides carefully planned programs for special rights children including Early Intervention Program, Preschool Program, Life skills and Enrichment Program. Special Em\u2019s Education Center (SEEC) becomes Vietnam\u2019s first Certified Autism Center\u2122. The credential, granted by the International Board of Credentialing and Continuing Education Standards (IBCCES), validates center\u2019s commitment to [&#8230;]<\/p>\n<p><a class=\"btn btn-secondary understrap-read-more-link\" href=\"https:\/\/specialems.edu.vn\/en\/seeg-cooperated-with-suss\/\">Read More&#8230;<\/a><\/p \n\n","protected":false},"author":1,"featured_media":0,"parent":0,"menu_order":0,"comment_status":"closed","ping_status":"closed","template":"","meta":{"_acf_changed":false,"footnotes":""},"acf":[],"_links":{"self":[{"href":"https:\/\/specialems.edu.vn\/en\/wp-json\/wp\/v2\/pages\/9"}],"collection":[{"href":"https:\/\/specialems.edu.vn\/en\/wp-json\/wp\/v2\/pages"}],"about":[{"href":"https:\/\/specialems.edu.vn\/en\/wp-json\/wp\/v2\/types\/page"}],"author":[{"embeddable":true,"href":"https:\/\/specialems.edu.vn\/en\/wp-json\/wp\/v2\/users\/1"}],"replies":[{"embeddable":true,"href":"https:\/\/specialems.edu.vn\/en\/wp-json\/wp\/v2\/comments?post=9"}],"version-history":[{"count":9,"href":"https:\/\/specialems.edu.vn\/en\/wp-json\/wp\/v2\/pages\/9\/revisions"}],"predecessor-version":[{"id":2518,"href":"https:\/\/specialems.edu.vn\/en\/wp-json\/wp\/v2\/pages\/9\/revisions\/2518"}],"wp:attachment":[{"href":"https:\/\/specialems.edu.vn\/en\/wp-json\/wp\/v2\/media?parent=9"}],"curies":[{"name":"wp","href":"https:\/\/api.w.org\/{rel}","templated":true}]}}